{"id":1255,"date":"2021-03-05T15:04:06","date_gmt":"2021-03-05T14:04:06","guid":{"rendered":"https:\/\/adler-leukerbad.ch\/?page_id=1255"},"modified":"2022-05-26T10:43:42","modified_gmt":"2022-05-26T08:43:42","slug":"1255-2","status":"publish","type":"page","link":"https:\/\/adler-leukerbad.ch\/fr\/1255-2\/","title":{"rendered":"Nous offrons"},"content":{"rendered":"<section class=\"l-section wpb_row us_custom_af28659f height_auto width_full with_img\"><div class=\"l-section-img\" role=\"img\" aria-label=\"Image\" data-img-width=\"1920\" data-img-height=\"1080\" style=\"background-image: url(https:\/\/adler-leukerbad.ch\/wp-content\/uploads\/2021\/02\/adler-header.jpg);\"><\/div><div class=\"l-section-h i-cf\"><div class=\"g-cols vc_row via_flex valign_top type_boxes stacking_default\"><div class=\"vc_col-sm-12 wpb_column vc_column_container\"><div class=\"vc_column-inner\"><div class=\"wpb_wrapper\"><div class=\"wpb_text_column seitentitel\"><div class=\"wpb_wrapper\"><h1>Nous vous offrons<\/h1>\n<\/div><\/div><\/div><\/div><\/div><\/div><\/div><\/section><section class=\"l-section wpb_row height_huge\"><div class=\"l-section-h i-cf\"><div class=\"g-cols vc_row via_flex valign_top type_default stacking_default\"><div class=\"vc_col-sm-12 wpb_column vc_column_container\"><div class=\"vc_column-inner\"><div class=\"wpb_wrapper\"><div class=\"wpb_text_column\"><div class=\"wpb_wrapper\"><p>Un cadre idyllique, sport, fun et sant\u00e9 \u00e0 l\u2019\u00e9tat pur<br \/>\nPour savourer vos vacances activement et en toute qui\u00e9tude<br \/>\nNature magnifique, infrastructures impeccables, longue tradition touristique<\/p>\n<p>Les meilleures conditions pour des vacances en famille, sport et sant\u00e9 toute l\u2019ann\u00e9e.<\/p>\n<ul>\n<li style=\"list-style-type: none;\">\n<ul>\n<li>Situation calme, ensoleill\u00e9e et centrale avec magnifique vue sur la vall\u00e9e de la Dala<\/li>\n<li>Acc\u00e8s en 2 \u00e0 5 minutes seulement aux principales installations comme:\n<ul>\n<li>La station\u00a0 t\u00e9l\u00e9cabines de Torrent,<\/li>\n<li>Leukerbad Therme ( bains \/ wellness )<\/li>\n<li>Alpentherme ( bains \/ wellness )<\/li>\n<li>Centre de r\u00e9adaption<\/li>\n<li>Les commerces<\/li>\n<li>Restaurants<\/li>\n<li>Arr\u00eat de l\u2019autobus local Ring-Jet devant l\u2019ADLER (chaque demi-heure)<\/li>\n<\/ul>\n<\/li>\n<li>4 beaux appartements de\u00a0 2\u00bd pi\u00e8ces (66 m2) et 7\u00a0 appartements spacieux de 1\u00bd pi\u00e8ces (46 m2) \u00a0avec bonne infrastructure et balcon couvert orient\u00e9 au sud. Et un attique de 3 1\/2 pi\u00e8ces avec une grande terrasse.<\/li>\n<\/ul>\n<\/li>\n<\/ul>\n<p><!--\n \t\n\n\n\n<li>Toute l\u2019ann\u00e9e: chaque matin croissants et pain frais \u00e0 votre disposition<\/li>\n\n\n\n\n--><\/p>\n<ul>\n<li>Acc\u00e8s assur\u00e9 (rampe chauff\u00e9e) aux places de parc dans le parking couvert, avec ascenseur<\/li>\n<li>Animaux de compagnie accept\u00e9s dans plusieurs appartements<\/li>\n<\/ul>\n<\/div><\/div><\/div><\/div><\/div><\/div><\/div><\/section>\n","protected":false},"excerpt":{"rendered":"Nous vous offrons Un cadre idyllique, sport, fun et sant\u00e9 \u00e0 l\u2019\u00e9tat pur Pour savourer vos vacances activement et en toute qui\u00e9tude Nature magnifique, infrastructures impeccables, longue tradition touristique Les meilleures conditions pour des vacances en famille, sport et sant\u00e9 toute l\u2019ann\u00e9e. Situation calme, ensoleill\u00e9e et centrale avec magnifique vue sur la vall\u00e9e de la...","protected":false},"author":1,"featured_media":0,"parent":0,"menu_order":0,"comment_status":"closed","ping_status":"closed","template":"","meta":{"footnotes":""},"class_list":["post-1255","page","type-page","status-publish","hentry"],"_links":{"self":[{"href":"https:\/\/adler-leukerbad.ch\/fr\/wp-json\/wp\/v2\/pages\/1255","targetHints":{"allow":["GET"]}}],"collection":[{"href":"https:\/\/adler-leukerbad.ch\/fr\/wp-json\/wp\/v2\/pages"}],"about":[{"href":"https:\/\/adler-leukerbad.ch\/fr\/wp-json\/wp\/v2\/types\/page"}],"author":[{"embeddable":true,"href":"https:\/\/adler-leukerbad.ch\/fr\/wp-json\/wp\/v2\/users\/1"}],"replies":[{"embeddable":true,"href":"https:\/\/adler-leukerbad.ch\/fr\/wp-json\/wp\/v2\/comments?post=1255"}],"version-history":[{"count":9,"href":"https:\/\/adler-leukerbad.ch\/fr\/wp-json\/wp\/v2\/pages\/1255\/revisions"}],"predecessor-version":[{"id":2619,"href":"https:\/\/adler-leukerbad.ch\/fr\/wp-json\/wp\/v2\/pages\/1255\/revisions\/2619"}],"wp:attachment":[{"href":"https:\/\/adler-leukerbad.ch\/fr\/wp-json\/wp\/v2\/media?parent=1255"}],"curies":[{"name":"wp","href":"https:\/\/api.w.org\/{rel}","templated":true}]}}