{"id":1347,"date":"2021-03-13T18:03:12","date_gmt":"2021-03-13T17:03:12","guid":{"rendered":"https:\/\/adler-leukerbad.ch\/?page_id=1347"},"modified":"2021-03-14T10:01:18","modified_gmt":"2021-03-14T09:01:18","slug":"mentions-legales","status":"publish","type":"page","link":"https:\/\/adler-leukerbad.ch\/fr\/mentions-legales\/","title":{"rendered":"Impressum"},"content":{"rendered":"<div id=\"main\">\n<div class=\"inside\">\n<div id=\"impressum\" class=\"mod_article block\">\n<h1 id=\"pageTitle\">Mentions l\u00e9gales<\/h1>\n<h4 class=\"ce_text block\">Contenu<\/h4>\n<p>Le contenu de ce site web est cr\u00e9\u00e9 avec le plus grand soin possible. Toutefois, Adler-Leukerbad d\u00e9cline toute responsabilit\u00e9 quant \u00e0 l&rsquo;exactitude, l&rsquo;exhaustivit\u00e9 et l&rsquo;actualit\u00e9 des contenus propos\u00e9s.<\/p>\n<p>Les contributions identifi\u00e9es par leur nom ne refl\u00e8tent que l&rsquo;opinion de leur auteur respectif.<\/p>\n<div class=\"ce_text block\">\n<h4>Commentaires<\/h4>\n<p>Nous appr\u00e9cions les commentaires qui portent sur le sujet, qui sont factuels et amicaux. Adler-Leukerbad d\u00e9cline toute responsabilit\u00e9 pour les trackbacks ou les liens plac\u00e9s dans les commentaires. Les commentaires seront supprim\u00e9s s&rsquo;ils contiennent de la publicit\u00e9, des propos portant atteinte \u00e0 la personnalit\u00e9 ou des propos ill\u00e9gaux.<\/p>\n<\/div>\n<div class=\"ce_text block\">\n<h4>Liens<\/h4>\n<p>Les sites web li\u00e9s sont soumis \u00e0 la responsabilit\u00e9 de leurs exploitants respectifs. Nous n&rsquo;avons aucune influence sur le contenu actuel et futur des sites li\u00e9s et ne nous approprions pas le contenu des liens.<\/p>\n<\/div>\n<div class=\"ce_text block\">\n<h4>Droits d&rsquo;auteur<\/h4>\n<p>Les droits d&rsquo;auteur du contenu, des images, des photos ou d&rsquo;autres fichiers publi\u00e9s ici sont d\u00e9tenus par Adler-Leukerbad ou par les d\u00e9tenteurs des droits d&rsquo;auteur sp\u00e9cifiquement nomm\u00e9s. La diffusion de tout \u00e9l\u00e9ment, m\u00eame en partie, n\u00e9cessite le consentement \u00e9crit des d\u00e9tenteurs des droits d&rsquo;auteur et doit \u00eatre obtenue au pr\u00e9alable.<\/p>\n<\/div>\n<h1 class=\"ce_headline\">Politique de confidentialit\u00e9<\/h1>\n<div class=\"ce_text block\">\n<h4>Base juridique<\/h4>\n<p>La loi f\u00e9d\u00e9rale sur la protection des donn\u00e9es (LPD) constitue la base de la pr\u00e9sente politique de confidentialit\u00e9.<\/p>\n<\/div>\n<div class=\"ce_text block\">\n<h4>Utilisation de l&rsquo;information<\/h4>\n<p>Notre site web peut g\u00e9n\u00e9ralement \u00eatre visit\u00e9 sans aucune information personnelle. Seules les donn\u00e9es d&rsquo;utilisation impersonnelles, telles que l&rsquo;adresse IP de l&rsquo;utilisateur, la derni\u00e8re page visit\u00e9e, le navigateur utilis\u00e9, la date, l&rsquo;heure, etc. sont anonymis\u00e9es et \u00e9valu\u00e9es en interne pour am\u00e9liorer l&rsquo;offre en ligne. Aucune conclusion sur les personnes n&rsquo;en est tir\u00e9e.<\/p>\n<p>Pour les commentaires, il est obligatoire de laisser son nom et son adresse \u00e9lectronique.<\/p>\n<p>Pour l&rsquo;enregistrement des locations, des donn\u00e9es d&rsquo;adresse et un num\u00e9ro de t\u00e9l\u00e9phone sont n\u00e9cessaires. Les d\u00e9tails se trouvent sur le formulaire de demande. Ces donn\u00e9es ne seront conserv\u00e9es qu&rsquo;aussi longtemps que la loi l&rsquo;exige.<\/p>\n<\/div>\n<div class=\"ce_text block\">\n<h4>Divulgation d&rsquo;informations<\/h4>\n<p>Les donn\u00e9es susmentionn\u00e9es ne seront pas vendues ou partag\u00e9es avec des tiers.<\/p>\n<\/div>\n<div class=\"ce_text block\">\n<h4>Cookies<\/h4>\n<p>Dans certains cas, des \u00ab\u00a0cookies\u00a0\u00bb sont utilis\u00e9s. Le navigateur peut \u00eatre configur\u00e9 de mani\u00e8re \u00e0 ce qu&rsquo;un avertissement apparaisse \u00e0 l&rsquo;\u00e9cran avant l&rsquo;enregistrement d&rsquo;un cookie. L&rsquo;utilisateur peut \u00e9galement se passer des avantages des cookies personnels. Certains services ne peuvent pas \u00eatre utilis\u00e9s dans ce cas.<\/p>\n<\/div>\n<div class=\"ce_text block\">\n<h4>Questions sur la protection des donn\u00e9es<\/h4>\n<p>Veuillez nous envoyer toute question, demande de correction ou de suppression directement par le biais du <a href=\"https:\/\/contao-treff.ch\/kontakt.html\">formulaire<\/a> de contact.<\/p>\n<\/div>\n<div class=\"ce_text block\">\n<h4>Modifications de la pr\u00e9sente politique de confidentialit\u00e9<\/h4>\n<p>Des modifications de cette politique de confidentialit\u00e9 peuvent \u00eatre apport\u00e9es \u00e0 tout moment.<\/p>\n<\/div>\n<\/div>\n<\/div>\n<div id=\"clear\"><\/div>\n<\/div>\n","protected":false},"excerpt":{"rendered":"<p>Mentions l\u00e9gales Contenu Le contenu de ce site web est cr\u00e9\u00e9 avec le plus grand soin possible. Toutefois, Adler-Leukerbad d\u00e9cline toute responsabilit\u00e9 quant \u00e0 l&rsquo;exactitude, l&rsquo;exhaustivit\u00e9 et l&rsquo;actualit\u00e9 des contenus propos\u00e9s. Les contributions identifi\u00e9es par leur nom ne refl\u00e8tent que l&rsquo;opinion de leur auteur respectif. Commentaires Nous appr\u00e9cions les commentaires qui portent sur le sujet,&#8230;<\/p>\n","protected":false},"author":1,"featured_media":0,"parent":0,"menu_order":0,"comment_status":"closed","ping_status":"closed","template":"","meta":{"footnotes":""},"class_list":["post-1347","page","type-page","status-publish","hentry"],"_links":{"self":[{"href":"https:\/\/adler-leukerbad.ch\/fr\/wp-json\/wp\/v2\/pages\/1347","targetHints":{"allow":["GET"]}}],"collection":[{"href":"https:\/\/adler-leukerbad.ch\/fr\/wp-json\/wp\/v2\/pages"}],"about":[{"href":"https:\/\/adler-leukerbad.ch\/fr\/wp-json\/wp\/v2\/types\/page"}],"author":[{"embeddable":true,"href":"https:\/\/adler-leukerbad.ch\/fr\/wp-json\/wp\/v2\/users\/1"}],"replies":[{"embeddable":true,"href":"https:\/\/adler-leukerbad.ch\/fr\/wp-json\/wp\/v2\/comments?post=1347"}],"version-history":[{"count":5,"href":"https:\/\/adler-leukerbad.ch\/fr\/wp-json\/wp\/v2\/pages\/1347\/revisions"}],"predecessor-version":[{"id":1851,"href":"https:\/\/adler-leukerbad.ch\/fr\/wp-json\/wp\/v2\/pages\/1347\/revisions\/1851"}],"wp:attachment":[{"href":"https:\/\/adler-leukerbad.ch\/fr\/wp-json\/wp\/v2\/media?parent=1347"}],"curies":[{"name":"wp","href":"https:\/\/api.w.org\/{rel}","templated":true}]}}