{"id":1842,"date":"2021-03-14T09:48:55","date_gmt":"2021-03-14T08:48:55","guid":{"rendered":"https:\/\/adler-leukerbad.ch\/?page_id=1842"},"modified":"2021-03-14T09:48:55","modified_gmt":"2021-03-14T08:48:55","slug":"blog","status":"publish","type":"page","link":"https:\/\/adler-leukerbad.ch\/fr\/blog\/","title":{"rendered":"Blog"},"content":{"rendered":"<section class=\"l-section wpb_row us_custom_af28659f height_auto width_full with_img\"><div class=\"l-section-img\" role=\"img\" aria-label=\"Image\" data-img-width=\"1920\" data-img-height=\"1080\" style=\"background-image: url(https:\/\/adler-leukerbad.ch\/wp-content\/uploads\/2021\/02\/adler-header3.jpg);\"><\/div><div class=\"l-section-h i-cf\"><div class=\"g-cols vc_row via_flex valign_bottom type_boxes stacking_default\"><div class=\"vc_col-sm-12 wpb_column vc_column_container\"><div class=\"vc_column-inner\"><div class=\"wpb_wrapper\"><div class=\"wpb_text_column seitentitel\"><div class=\"wpb_wrapper\"><h1>Nouvelles de l&rsquo;Adler<\/h1>\n<\/div><\/div><\/div><\/div><\/div><\/div><\/div><\/section><section class=\"l-section wpb_row height_huge width_full\"><div class=\"l-section-h i-cf\"><div class=\"g-cols vc_row via_flex valign_top type_boxes stacking_default\"><div class=\"vc_col-sm-12 wpb_column vc_column_container\"><div class=\"vc_column-inner\"><div class=\"wpb_wrapper\"><div class=\"w-grid us_grid type_grid layout_1082 cols_2 preload_style_spinner\" id=\"us_grid_1\" style=\"--columns:2;--gap:1.5rem;\" data-filterable=\"true\"><style>@media (max-width:600px){#us_grid_1{--columns:1!important}}.layout_1082 .w-grid-item-h{}@media(max-width:479px){.layout_1082 .usg_post_image_1{display:none!important}}.layout_1082 .usg_hwrapper_1{color:var(--color-content-text)!important;margin-right:10%!important;padding-top:6%!important;padding-bottom:6%!important;background:var(--color-content-bg-alt)!important}.layout_1082 .usg_vwrapper_1{width:48%!important;margin-left:6%!important;margin-right:0!important}.layout_1082 .usg_post_image_1{width:50%!important;margin-left:7%!important;margin-right:-11%!important}.layout_1082 .usg_post_title_1{font-weight:700!important;line-height:1.2!important}.layout_1082 .usg_post_content_1{font-size:0.9rem!important}@media (max-width:600px){.layout_1082 .usg_hwrapper_1{margin-left:0!important;margin-right:0!important;padding-top:0!important;padding-bottom:0!important}.layout_1082 .usg_vwrapper_1{width:86%!important;margin:7% 7% 5% 7%!important}.layout_1082 .usg_post_image_1{width:100%!important;margin-left:0!important;margin-right:0!important}}<\/style><div class=\"w-grid-list\">\t<article class=\"w-grid-item size_1x1 post-2555 post type-post status-publish format-standard hentry category-non-classifiee\" data-id=\"2555\">\r\n\t\t<div class=\"w-grid-item-h\">\r\n\t\t\t\t\t\t<div class=\"w-hwrapper usg_hwrapper_1 has_text_color align_left valign_center wrap\"><div class=\"w-vwrapper usg_vwrapper_1 align_left valign_top\"><h2 class=\"w-post-elm post_title usg_post_title_1 entry-title color_link_inherit\"><a href=\"https:\/\/adler-leukerbad.ch\/fr\/nouvelle-location\/\">Nouvelle location<\/a><\/h2><div class=\"w-post-elm post_content usg_post_content_1\">mai 2022 Chers H\u00f4tes de l\u2019Immeuble Adler, Tout d&rsquo;abord, nous tenons \u00e0 vous remercier d&rsquo;avoir souvent pass\u00e9 vos vacances dans notre immeuble. A partir du 1er juin 2022, nous avons\u2026<\/div><a class=\"w-btn us-btn-style_1 usg_btn_1\" href=\"https:\/\/adler-leukerbad.ch\/fr\/nouvelle-location\/\"><span class=\"w-btn-label\">Weiterlesen<\/span><\/a><\/div><\/div>\t\t<\/div>\r\n\t\t\t<\/article>\r\n\t<article class=\"w-grid-item size_1x1 post-2257 post type-post status-publish format-standard hentry category-non-classifiee\" data-id=\"2257\">\r\n\t\t<div class=\"w-grid-item-h\">\r\n\t\t\t\t\t\t<div class=\"w-hwrapper usg_hwrapper_1 has_text_color align_left valign_center wrap\"><div class=\"w-vwrapper usg_vwrapper_1 align_left valign_top\"><h2 class=\"w-post-elm post_title usg_post_title_1 entry-title color_link_inherit\"><a href=\"https:\/\/adler-leukerbad.ch\/fr\/nouveau-concierge\/\">Nouveau concierge<\/a><\/h2><div class=\"w-post-elm post_content usg_post_content_1\">Alice Steiner Tous ceux qui ont s\u00e9journ\u00e9 \u00e0 l&rsquo;Adler connaissaient Mme Alice Steiner comme concierge et propri\u00e9taire. Elle a g\u00e2t\u00e9 nos invit\u00e9s et a gard\u00e9 l&rsquo;ADLER propre. Aujourd&rsquo;hui, apr\u00e8s sept\u2026<\/div><a class=\"w-btn us-btn-style_1 usg_btn_1\" href=\"https:\/\/adler-leukerbad.ch\/fr\/nouveau-concierge\/\"><span class=\"w-btn-label\">Weiterlesen<\/span><\/a><\/div><\/div>\t\t<\/div>\r\n\t\t\t<\/article>\r\n\t<article class=\"w-grid-item size_1x1 post-2242 post type-post status-publish format-standard hentry category-non-classifiee\" data-id=\"2242\">\r\n\t\t<div class=\"w-grid-item-h\">\r\n\t\t\t\t\t\t<div class=\"w-hwrapper usg_hwrapper_1 has_text_color align_left valign_center wrap\"><div class=\"w-vwrapper usg_vwrapper_1 align_left valign_top\"><h2 class=\"w-post-elm post_title usg_post_title_1 entry-title color_link_inherit\"><a href=\"https:\/\/adler-leukerbad.ch\/fr\/adler-appartements\/\">Adler Appartements<\/a><\/h2><div class=\"w-post-elm post_content usg_post_content_1\">Une nature magnifique, une excellente infrastructure, une longue tradition touristique, les meilleures conditions pour des vacances familiales, sportives et de sant\u00e9 tout au long de l&rsquo;ann\u00e9e.<\/div><a class=\"w-btn us-btn-style_1 usg_btn_1\" href=\"https:\/\/adler-leukerbad.ch\/fr\/adler-appartements\/\"><span class=\"w-btn-label\">Weiterlesen<\/span><\/a><\/div><\/div>\t\t<\/div>\r\n\t\t\t<\/article>\r\n<\/div>\t<div class=\"w-grid-preloader\">\r\n\t\t<div class=\"g-preloader type_1\">\r\n\t\t\t<div><\/div>\r\n\t\t<\/div>\r\n\t<\/div>\r\n\t\t<div class=\"w-grid-json hidden\" onclick='return {&quot;action&quot;:&quot;us_ajax_grid&quot;,&quot;infinite_scroll&quot;:0,&quot;max_num_pages&quot;:1,&quot;pagination&quot;:&quot;none&quot;,&quot;template_vars&quot;:{&quot;columns&quot;:&quot;2&quot;,&quot;exclude_items&quot;:&quot;none&quot;,&quot;img_size&quot;:&quot;default&quot;,&quot;ignore_items_size&quot;:0,&quot;items_layout&quot;:&quot;1082&quot;,&quot;items_offset&quot;:&quot;1&quot;,&quot;load_animation&quot;:&quot;none&quot;,&quot;overriding_link&quot;:&quot;{\\&quot;url\\&quot;:\\&quot;\\&quot;}&quot;,&quot;post_id&quot;:0,&quot;query_args&quot;:{&quot;post_type&quot;:[&quot;post&quot;],&quot;post_status&quot;:[&quot;publish&quot;],&quot;posts_per_page&quot;:&quot;10&quot;},&quot;orderby_query_args&quot;:{&quot;orderby&quot;:{&quot;date&quot;:&quot;DESC&quot;}},&quot;type&quot;:&quot;grid&quot;,&quot;us_grid_post_type&quot;:&quot;post&quot;,&quot;us_grid_ajax_index&quot;:1,&quot;us_grid_filter_query_string&quot;:null,&quot;us_grid_index&quot;:1,&quot;page_args&quot;:[],&quot;lang&quot;:&quot;fr&quot;}}'><\/div>\r\n\t<\/div><\/div><\/div><\/div><\/div><\/div><\/section>\n","protected":false},"excerpt":{"rendered":"Une nature magnifique, une excellente infrastructure, une longue tradition touristique, les meilleures conditions pour des vacances familiales, sportives et de sant\u00e9 tout au long de l&rsquo;ann\u00e9e.","protected":false},"author":1,"featured_media":0,"parent":0,"menu_order":0,"comment_status":"closed","ping_status":"closed","template":"","meta":{"footnotes":""},"class_list":["post-1842","page","type-page","status-publish","hentry"],"_links":{"self":[{"href":"https:\/\/adler-leukerbad.ch\/fr\/wp-json\/wp\/v2\/pages\/1842","targetHints":{"allow":["GET"]}}],"collection":[{"href":"https:\/\/adler-leukerbad.ch\/fr\/wp-json\/wp\/v2\/pages"}],"about":[{"href":"https:\/\/adler-leukerbad.ch\/fr\/wp-json\/wp\/v2\/types\/page"}],"author":[{"embeddable":true,"href":"https:\/\/adler-leukerbad.ch\/fr\/wp-json\/wp\/v2\/users\/1"}],"replies":[{"embeddable":true,"href":"https:\/\/adler-leukerbad.ch\/fr\/wp-json\/wp\/v2\/comments?post=1842"}],"version-history":[{"count":3,"href":"https:\/\/adler-leukerbad.ch\/fr\/wp-json\/wp\/v2\/pages\/1842\/revisions"}],"predecessor-version":[{"id":1845,"href":"https:\/\/adler-leukerbad.ch\/fr\/wp-json\/wp\/v2\/pages\/1842\/revisions\/1845"}],"wp:attachment":[{"href":"https:\/\/adler-leukerbad.ch\/fr\/wp-json\/wp\/v2\/media?parent=1842"}],"curies":[{"name":"wp","href":"https:\/\/api.w.org\/{rel}","templated":true}]}}