{"id":1645,"date":"2021-03-13T18:07:38","date_gmt":"2021-03-13T17:07:38","guid":{"rendered":"https:\/\/adler-leukerbad.ch\/?page_id=1645"},"modified":"2021-03-13T18:07:38","modified_gmt":"2021-03-13T17:07:38","slug":"impressum","status":"publish","type":"page","link":"https:\/\/adler-leukerbad.ch\/it\/impressum\/","title":{"rendered":"Impressum"},"content":{"rendered":"<div id=\"main\">\n<div class=\"inside\">\n<div id=\"impressum\" class=\"mod_article block\">\n<h1 id=\"pageTitle\">Impressum<\/h1>\n<h4><span style=\"color: #0000ff;\">Questo documento \u00e8 disponibile solo in lingua tedesca<\/span><\/h4>\n<h4 class=\"ce_text block\">Inhalte<\/h4>\n<p>Die Inhalte dieser Webseite werden mit gr\u00f6sstm\u00f6glicher Sorgfalt erstellt. Adler-Leukerbad \u00fcbernimmt jedoch keine Gew\u00e4hr f\u00fcr die Richtigkeit, Vollst\u00e4ndigkeit und Aktualit\u00e4t der bereitgestellten Inhalte.<\/p>\n<p>Namentlich gekennzeichnete Beitr\u00e4ge geben lediglich die Meinung des jeweiligen Autors wieder.<\/p>\n<div class=\"ce_text block\">\n<h4>Kommentare<\/h4>\n<p>Wir freuen uns, wenn Kommentare themenbezogen, sachlich und freundlich formuliert werden. Adler-Leukerbad \u00fcbernimmt keine Verantwortung f\u00fcr Trackbacks oder f\u00fcr in Kommentaren gesetzte Links. Kommentare werden gel\u00f6scht, wenn sie werberische, pers\u00f6nlichkeitsverletzende oder widerrechtliche Aussagen enthalten.<\/p>\n<\/div>\n<div class=\"ce_text block\">\n<h4>Links<\/h4>\n<p>Verlinkte Webseiten unterliegen der Haftung der jeweiligen Betreiber. Wir haben keinen Einfluss auf die aktuellen und zuk\u00fcnftigen Inhalte verkn\u00fcpfter Seiten und machen uns die verlinkten Inhalte auch nicht zu eigen.<\/p>\n<\/div>\n<div class=\"ce_text block\">\n<h4>Urheberrecht<\/h4>\n<p>Das Copyright der hier ver\u00f6ffentlichten Inhalte, Bilder, Fotos oder anderen Dateien liegt bei Adler-Leukerbad oder den speziell genannten Rechtsinhabern. Die Weitergabe jeglicher Elemente, auch nur Auszugsweise bedarf der schriftlichen Zustimmung der Urheberrechtstr\u00e4ger und ist im Voraus einzuholen.<\/p>\n<\/div>\n<h1 class=\"ce_headline\">Datenschutzerkl\u00e4rung<\/h1>\n<div class=\"ce_text block\">\n<h4>Rechsgrundlage<\/h4>\n<p>Das Bundesgesetz \u00fcber den Datenschutz (DSG) bildet die Grundlage dieser Datenschutzerkl\u00e4rung.<\/p>\n<\/div>\n<div class=\"ce_text block\">\n<h4>Verwendung von Informationen<\/h4>\n<p>Unsere Webseite kann grunds\u00e4tzlich ohne Angaben zur Person besucht werden. Einzig unpers\u00f6nliche Nutzungsdaten, wie die IP-Adresse des Nutzers, die zuletzt besuchte Seite, der verwendete Browser, Datum, Uhrzeit usw. werden zur Verbesserung des Online-Angebotes anonymisiert und intern ausgewertet. Daraus werden keine R\u00fcckschl\u00fcsse auf Personen gezogen.<\/p>\n<p>F\u00fcr Kommentare m\u00fcssen Name und E-Mail Adresse zwingend hinterlassen werden.<\/p>\n<p>Zur Registrierung von Vermietungen werden zus\u00e4tzliche Adressdaten und Telefonnummer ben\u00f6tigt. Details sind auf dem Anfrage-Formular ersichtlich. Diese Daten werden nur so lange gespeichert wie es die rechtlichen Vorgaben vorschreiben.<\/p>\n<\/div>\n<div class=\"ce_text block\">\n<h4>Weitergabe von Informationen<\/h4>\n<p>Die obgenannten Daten werden weder verkauft noch mit Dritten geteilt.<\/p>\n<\/div>\n<div class=\"ce_text block\">\n<h4>Cookies<\/h4>\n<p>In bestimmten F\u00e4llen werden sogenannte Cookies eingesetzt. Der Browser kann so eingestellt werden, dass vor dem Speichern eines Cookies eine Warnung am Bildschirm erscheint. Der Nutzer kann auch auf die Vorteile von pers\u00f6nlichen Cookies verzichten. Bestimmte Dienstleistungen k\u00f6nnen in diesem Fall nicht genutzt werden.<\/p>\n<\/div>\n<div class=\"ce_text block\">\n<h4>Fragen zum Datenschutz<\/h4>\n<p>Allf\u00e4lligen Fragen, Korrektur- oder L\u00f6schungsbegehren bitte via <a href=\"https:\/\/contao-treff.ch\/kontakt.html\">Kontaktformular<\/a> direkt an uns.<\/p>\n<\/div>\n<div class=\"ce_text block\">\n<h4>\u00c4nderungen dieser Datenschutzerkl\u00e4rung<\/h4>\n<p>\u00c4nderungen dieser Datenschutzerkl\u00e4rung k\u00f6nnen jederzeit erfolgen.<\/p>\n<\/div>\n<\/div>\n<\/div>\n<div id=\"clear\"><\/div>\n<\/div>\n","protected":false},"excerpt":{"rendered":"<p>Impressum Questo documento \u00e8 disponibile solo in lingua tedesca Inhalte Die Inhalte dieser Webseite werden mit gr\u00f6sstm\u00f6glicher Sorgfalt erstellt. Adler-Leukerbad \u00fcbernimmt jedoch keine Gew\u00e4hr f\u00fcr die Richtigkeit, Vollst\u00e4ndigkeit und Aktualit\u00e4t der bereitgestellten Inhalte. Namentlich gekennzeichnete Beitr\u00e4ge geben lediglich die Meinung des jeweiligen Autors wieder. Kommentare Wir freuen uns, wenn Kommentare themenbezogen, sachlich und freundlich formuliert&#8230;<\/p>\n","protected":false},"author":1,"featured_media":0,"parent":0,"menu_order":0,"comment_status":"closed","ping_status":"closed","template":"","meta":{"footnotes":""},"class_list":["post-1645","page","type-page","status-publish","hentry"],"_links":{"self":[{"href":"https:\/\/adler-leukerbad.ch\/it\/wp-json\/wp\/v2\/pages\/1645","targetHints":{"allow":["GET"]}}],"collection":[{"href":"https:\/\/adler-leukerbad.ch\/it\/wp-json\/wp\/v2\/pages"}],"about":[{"href":"https:\/\/adler-leukerbad.ch\/it\/wp-json\/wp\/v2\/types\/page"}],"author":[{"embeddable":true,"href":"https:\/\/adler-leukerbad.ch\/it\/wp-json\/wp\/v2\/users\/1"}],"replies":[{"embeddable":true,"href":"https:\/\/adler-leukerbad.ch\/it\/wp-json\/wp\/v2\/comments?post=1645"}],"version-history":[{"count":2,"href":"https:\/\/adler-leukerbad.ch\/it\/wp-json\/wp\/v2\/pages\/1645\/revisions"}],"predecessor-version":[{"id":1647,"href":"https:\/\/adler-leukerbad.ch\/it\/wp-json\/wp\/v2\/pages\/1645\/revisions\/1647"}],"wp:attachment":[{"href":"https:\/\/adler-leukerbad.ch\/it\/wp-json\/wp\/v2\/media?parent=1645"}],"curies":[{"name":"wp","href":"https:\/\/api.w.org\/{rel}","templated":true}]}}